{"id":31,"date":"2025-07-30T11:42:48","date_gmt":"2025-07-30T11:42:48","guid":{"rendered":"https:\/\/esi-zoli.hu\/?page_id=31"},"modified":"2026-04-15T14:51:13","modified_gmt":"2026-04-15T14:51:13","slug":"udvozollek-honlapunkon","status":"publish","type":"page","link":"https:\/\/esi-zoli.hu\/","title":{"rendered":"\u00dcdv\u00f6z\u00f6llek Honlapunkon!"},"content":{"rendered":"\n<figure class=\"wp-block-image size-large\"><img loading=\"lazy\" decoding=\"async\" width=\"1024\" height=\"306\" src=\"https:\/\/esi-zoli.hu\/wp-content\/uploads\/2025\/04\/esizoli-1024x306.png\" alt=\"\" class=\"wp-image-12\" srcset=\"https:\/\/esi-zoli.hu\/wp-content\/uploads\/2025\/04\/esizoli-1024x306.png 1024w, https:\/\/esi-zoli.hu\/wp-content\/uploads\/2025\/04\/esizoli-300x90.png 300w, https:\/\/esi-zoli.hu\/wp-content\/uploads\/2025\/04\/esizoli-768x230.png 768w, https:\/\/esi-zoli.hu\/wp-content\/uploads\/2025\/04\/esizoli-1536x459.png 1536w, https:\/\/esi-zoli.hu\/wp-content\/uploads\/2025\/04\/esizoli-2048x612.png 2048w\" sizes=\"auto, (max-width: 1024px) 100vw, 1024px\" \/><\/figure>\n\n\n\n<p class=\"has-text-align-center\">Szeretettel v\u00e1rjuk kedves v\u00e1s\u00e1rl\u00f3inkat modern, letisztult megjelen\u00e9s\u0171 \u00fczleteinkben, kedvez\u0151 \u00e1rakkal, b\u0151s\u00e9ges \u00e1ruv\u00e1laszt\u00e9kkal \u00e9s sz\u00ednvonalas kiszolg\u00e1l\u00e1ssal.<\/p>\n\n\n<div class=\"wp-block-image\">\n<figure class=\"aligncenter size-full is-resized\"><img loading=\"lazy\" decoding=\"async\" width=\"2560\" height=\"731\" src=\"https:\/\/esi-zoli.hu\/wp-content\/uploads\/2025\/04\/kedvezmenyezetti_infoblokk_vilagos-scaled.jpg\" alt=\"\" class=\"wp-image-9\" style=\"aspect-ratio:3.5022770677244015;width:623px;height:auto\" srcset=\"https:\/\/esi-zoli.hu\/wp-content\/uploads\/2025\/04\/kedvezmenyezetti_infoblokk_vilagos-scaled.jpg 2560w, https:\/\/esi-zoli.hu\/wp-content\/uploads\/2025\/04\/kedvezmenyezetti_infoblokk_vilagos-300x86.jpg 300w, https:\/\/esi-zoli.hu\/wp-content\/uploads\/2025\/04\/kedvezmenyezetti_infoblokk_vilagos-1024x292.jpg 1024w, https:\/\/esi-zoli.hu\/wp-content\/uploads\/2025\/04\/kedvezmenyezetti_infoblokk_vilagos-768x219.jpg 768w, https:\/\/esi-zoli.hu\/wp-content\/uploads\/2025\/04\/kedvezmenyezetti_infoblokk_vilagos-1536x438.jpg 1536w, https:\/\/esi-zoli.hu\/wp-content\/uploads\/2025\/04\/kedvezmenyezetti_infoblokk_vilagos-2048x585.jpg 2048w\" sizes=\"auto, (max-width: 2560px) 100vw, 2560px\" \/><\/figure>\n<\/div>\n\n<div class=\"wp-block-image\">\n<figure class=\"alignright size-large is-resized\"><img loading=\"lazy\" decoding=\"async\" width=\"1024\" height=\"708\" src=\"https:\/\/esi-zoli.hu\/wp-content\/uploads\/2026\/04\/Szechenyi-2020-logo-Efopokhoz_felkoriv-1024x708.jpg\" alt=\"\" class=\"wp-image-60\" style=\"aspect-ratio:1.4463386519444277;width:356px;height:auto\" srcset=\"https:\/\/esi-zoli.hu\/wp-content\/uploads\/2026\/04\/Szechenyi-2020-logo-Efopokhoz_felkoriv-1024x708.jpg 1024w, https:\/\/esi-zoli.hu\/wp-content\/uploads\/2026\/04\/Szechenyi-2020-logo-Efopokhoz_felkoriv-300x207.jpg 300w, https:\/\/esi-zoli.hu\/wp-content\/uploads\/2026\/04\/Szechenyi-2020-logo-Efopokhoz_felkoriv-768x531.jpg 768w, https:\/\/esi-zoli.hu\/wp-content\/uploads\/2026\/04\/Szechenyi-2020-logo-Efopokhoz_felkoriv.jpg 1453w\" sizes=\"auto, (max-width: 1024px) 100vw, 1024px\" \/><\/figure>\n<\/div>","protected":false},"excerpt":{"rendered":"<p>Szeretettel v\u00e1rjuk kedves v\u00e1s\u00e1rl\u00f3inkat modern, letisztult megjelen\u00e9s\u0171 \u00fczleteinkben, kedvez\u0151 \u00e1rakkal, b\u0151s\u00e9ges \u00e1ruv\u00e1laszt\u00e9kkal \u00e9s sz\u00ednvonalas kiszolg\u00e1l\u00e1ssal.<\/p>\n","protected":false},"author":1,"featured_media":0,"parent":0,"menu_order":0,"comment_status":"closed","ping_status":"closed","template":"","meta":{"footnotes":""},"class_list":["post-31","page","type-page","status-publish"],"_links":{"self":[{"href":"https:\/\/esi-zoli.hu\/index.php\/wp-json\/wp\/v2\/pages\/31","targetHints":{"allow":["GET"]}}],"collection":[{"href":"https:\/\/esi-zoli.hu\/index.php\/wp-json\/wp\/v2\/pages"}],"about":[{"href":"https:\/\/esi-zoli.hu\/index.php\/wp-json\/wp\/v2\/types\/page"}],"author":[{"embeddable":true,"href":"https:\/\/esi-zoli.hu\/index.php\/wp-json\/wp\/v2\/users\/1"}],"replies":[{"embeddable":true,"href":"https:\/\/esi-zoli.hu\/index.php\/wp-json\/wp\/v2\/comments?post=31"}],"version-history":[{"count":4,"href":"https:\/\/esi-zoli.hu\/index.php\/wp-json\/wp\/v2\/pages\/31\/revisions"}],"predecessor-version":[{"id":67,"href":"https:\/\/esi-zoli.hu\/index.php\/wp-json\/wp\/v2\/pages\/31\/revisions\/67"}],"wp:attachment":[{"href":"https:\/\/esi-zoli.hu\/index.php\/wp-json\/wp\/v2\/media?parent=31"}],"curies":[{"name":"wp","href":"https:\/\/api.w.org\/{rel}","templated":true}]}}