{"id":36,"date":"2025-07-30T11:47:45","date_gmt":"2025-07-30T11:47:45","guid":{"rendered":"https:\/\/esi-zoli.hu\/?page_id=36"},"modified":"2025-07-30T11:47:45","modified_gmt":"2025-07-30T11:47:45","slug":"ginop-2-1-8-17-2018-03047","status":"publish","type":"page","link":"https:\/\/esi-zoli.hu\/index.php\/ginop-2-1-8-17-2018-03047\/","title":{"rendered":"GINOP-2.1.8-17-2018-03047"},"content":{"rendered":"\n<p>A kedvezm\u00e9nyezett neve:&nbsp;Esi-Zoli Kft.<\/p>\n\n\n\n<p>A projekt c\u00edme:&nbsp;Speci\u00e1lis f\u00e9m szerkezetek gy\u00e1rt\u00e1s\u00e1nak beind\u00edt\u00e1sa<\/p>\n\n\n\n<p>A szerz\u0151d\u00f6tt t\u00e1mogat\u00e1s \u00f6sszege:&nbsp;20.048.505 Ft<\/p>\n\n\n\n<p>A t\u00e1mogat\u00e1s m\u00e9rt\u00e9ke (%-ban):&nbsp;50%<\/p>\n\n\n\n<p><strong>A projekt tartalm\u00e1nak bemutat\u00e1sa:<\/strong><strong><\/strong><\/p>\n\n\n\n<p>a napelem tart\u00f3szerkezetek gy\u00e1rt\u00e1sa nagyban hozz\u00e1j\u00e1rul c\u00e9g\u00fcnk b\u0151v\u00fcl\u00e9s\u00e9hez. A tart\u00f3szerkezetek gy\u00e1rt\u00e1s\u00e1hoz van sz\u00fcks\u00e9g\u00fcnk az automata \u00e9lhajl\u00edt\u00f3ra, alum\u00ednium hegeszt\u0151 k\u00e9sz\u00fcl\u00e9kre, tov\u00e1bb\u00e1 automata lemezoll\u00f3ra. Speci\u00e1lis alum\u00ednium szerkezetek el\u0151\u00e1ll\u00edt\u00e1s\u00e1t tervezz\u00fck, melyek j\u00f3val k\u00f6nnyebbek \u00e9s speci\u00e1lis elj\u00e1r\u00e1sunk miatt (fel\u00fclet kik\u00e9pz\u00e9se, speci\u00e1lis alum\u00ednium alapanyagok haszn\u00e1lata, merev\u00edt\u00e9sek kialak\u00edt\u00e1sa. Ezen tev\u00e9kenys\u00e9g \u00faj piacokat nyit meg c\u00e9g\u00fcnk sz\u00e1m\u00e1ra. Sz\u00e1mos leend\u0151 partner\u00fcnkkel siker\u00fclt m\u00e1r egyeztetni az \u00fcgyben, hogy a tart\u00f3szerkezetet t\u0151l\u00fcnk v\u00e1s\u00e1roln\u00e1k a K\u00edn\u00e1b\u00f3l import\u00e1lt helyett. Az esetlegesen elkorrod\u00e1lt de m\u00e9g haszn\u00e1lhat\u00f3 szerkezeteket fel tudjuk \u00faj\u00edtani eszk\u00f6zeink seg\u00edts\u00e9g\u00e9vel ehhez sz\u00fcks\u00e9ges a nagynyom\u00e1s\u00fa mos\u00f3 is, mellyel a fel\u00fcleteket tiszt\u00edtjuk. Mivel a napelem telep\u00edt\u00e9s renesz\u00e1nsz\u00e1t \u00e9li, \u00edgy egyre nagyobb felvev\u0151piaccal sz\u00e1molhatunk. Nagyon fontos megeml\u00edtenem, hogy a beruh\u00e1z\u00e1s nagyban hozz\u00e1j\u00e1rul a Telephely\u00fcnk kihaszn\u00e1lts\u00e1g\u00e1hoz, innovat\u00edv \u00f6tleteink megval\u00f3s\u00edt\u00e1s\u00e1hoz.&nbsp;<\/p>\n\n\n\n<p>A projekt tervezett befejez\u00e9si d\u00e1tuma:&nbsp;2019.10.07.<\/p>\n\n\n\n<p>A projekt azonos\u00edt\u00f3 sz\u00e1ma:&nbsp;GINOP-2.1.8-17-2018-03047<\/p>\n\n\n\n<figure class=\"wp-block-image size-full\"><img loading=\"lazy\" decoding=\"async\" width=\"384\" height=\"264\" src=\"https:\/\/esi-zoli.hu\/wp-content\/uploads\/2025\/07\/image.jpeg\" alt=\"\" class=\"wp-image-37\" srcset=\"https:\/\/esi-zoli.hu\/wp-content\/uploads\/2025\/07\/image.jpeg 384w, https:\/\/esi-zoli.hu\/wp-content\/uploads\/2025\/07\/image-300x206.jpeg 300w\" sizes=\"auto, (max-width: 384px) 100vw, 384px\" \/><\/figure>\n","protected":false},"excerpt":{"rendered":"<p>A kedvezm\u00e9nyezett neve:&nbsp;Esi-Zoli Kft. A projekt c\u00edme:&nbsp;Speci\u00e1lis f\u00e9m szerkezetek gy\u00e1rt\u00e1s\u00e1nak beind\u00edt\u00e1sa A szerz\u0151d\u00f6tt t\u00e1mogat\u00e1s \u00f6sszege:&nbsp;20.048.505 Ft A t\u00e1mogat\u00e1s m\u00e9rt\u00e9ke (%-ban):&nbsp;50% A projekt tartalm\u00e1nak bemutat\u00e1sa: a napelem tart\u00f3szerkezetek gy\u00e1rt\u00e1sa nagyban hozz\u00e1j\u00e1rul c\u00e9g\u00fcnk b\u0151v\u00fcl\u00e9s\u00e9hez. A tart\u00f3szerkezetek gy\u00e1rt\u00e1s\u00e1hoz van sz\u00fcks\u00e9g\u00fcnk az automata \u00e9lhajl\u00edt\u00f3ra, alum\u00ednium hegeszt\u0151 k\u00e9sz\u00fcl\u00e9kre, tov\u00e1bb\u00e1 automata lemezoll\u00f3ra. Speci\u00e1lis alum\u00ednium szerkezetek el\u0151\u00e1ll\u00edt\u00e1s\u00e1t tervezz\u00fck, melyek j\u00f3val k\u00f6nnyebbek \u00e9s &#8230; <a title=\"GINOP-2.1.8-17-2018-03047\" class=\"read-more\" href=\"https:\/\/esi-zoli.hu\/index.php\/ginop-2-1-8-17-2018-03047\/\" aria-label=\"Read more about GINOP-2.1.8-17-2018-03047\">Olvass tov\u00e1bb<\/a><\/p>\n","protected":false},"author":1,"featured_media":0,"parent":0,"menu_order":0,"comment_status":"closed","ping_status":"closed","template":"","meta":{"footnotes":""},"class_list":["post-36","page","type-page","status-publish"],"_links":{"self":[{"href":"https:\/\/esi-zoli.hu\/index.php\/wp-json\/wp\/v2\/pages\/36","targetHints":{"allow":["GET"]}}],"collection":[{"href":"https:\/\/esi-zoli.hu\/index.php\/wp-json\/wp\/v2\/pages"}],"about":[{"href":"https:\/\/esi-zoli.hu\/index.php\/wp-json\/wp\/v2\/types\/page"}],"author":[{"embeddable":true,"href":"https:\/\/esi-zoli.hu\/index.php\/wp-json\/wp\/v2\/users\/1"}],"replies":[{"embeddable":true,"href":"https:\/\/esi-zoli.hu\/index.php\/wp-json\/wp\/v2\/comments?post=36"}],"version-history":[{"count":1,"href":"https:\/\/esi-zoli.hu\/index.php\/wp-json\/wp\/v2\/pages\/36\/revisions"}],"predecessor-version":[{"id":38,"href":"https:\/\/esi-zoli.hu\/index.php\/wp-json\/wp\/v2\/pages\/36\/revisions\/38"}],"wp:attachment":[{"href":"https:\/\/esi-zoli.hu\/index.php\/wp-json\/wp\/v2\/media?parent=36"}],"curies":[{"name":"wp","href":"https:\/\/api.w.org\/{rel}","templated":true}]}}