{"id":51,"date":"2025-10-24T06:36:55","date_gmt":"2025-10-24T06:36:55","guid":{"rendered":"https:\/\/esi-zoli.hu\/?page_id=51"},"modified":"2025-10-24T06:39:07","modified_gmt":"2025-10-24T06:39:07","slug":"ginop-plusz-3-2-1-21","status":"publish","type":"page","link":"https:\/\/esi-zoli.hu\/index.php\/ginop-plusz-3-2-1-21\/","title":{"rendered":"GINOP Plusz-3.2.1-21\u00a0A munkav\u00e1llal\u00f3k \u00e9s v\u00e1llalatok alkalmazkod\u00f3k\u00e9pess\u00e9g\u00e9nek \u00e9s termel\u00e9kenys\u00e9g\u00e9nek jav\u00edt\u00e1sa a munkaer\u0151 fejleszt\u00e9s\u00e9n kereszt\u00fcl\u201d"},"content":{"rendered":"\n<figure class=\"wp-block-image size-full\"><img loading=\"lazy\" decoding=\"async\" width=\"614\" height=\"122\" src=\"https:\/\/esi-zoli.hu\/wp-content\/uploads\/2025\/10\/4_szakasz_logo.png\" alt=\"\" class=\"wp-image-52\" srcset=\"https:\/\/esi-zoli.hu\/wp-content\/uploads\/2025\/10\/4_szakasz_logo.png 614w, https:\/\/esi-zoli.hu\/wp-content\/uploads\/2025\/10\/4_szakasz_logo-300x60.png 300w\" sizes=\"auto, (max-width: 614px) 100vw, 614px\" \/><\/figure>\n\n\n\n<p>GINOP Plusz-3.2.1-21 \u201eA munkav\u00e1llal\u00f3k \u00e9s v\u00e1llalatok alkalmazkod\u00f3k\u00e9pess\u00e9g\u00e9nek \u00e9s termel\u00e9kenys\u00e9g\u00e9nek jav\u00edt\u00e1sa a munkaer\u0151 fejleszt\u00e9s\u00e9n kereszt\u00fcl\u201d<\/p>\n\n\n\n<p><strong>A kedvezm\u00e9nyezett neve: &#8222;ESI-ZOLI&#8221; Kereskedelmi Kft.<\/strong><\/p>\n\n\n\n<p><strong>A szerz\u0151d\u00f6tt t\u00e1mogat\u00e1s \u00f6sszege: 9&nbsp;150&nbsp;000 Ft<\/strong><\/p>\n\n\n\n<p>P\u00e1ly\u00e1zatunk megval\u00f3s\u00edt\u00e1sa sor\u00e1n n\u00e9gy k\u00e9pz\u00e9s val\u00f3sul meg munkat\u00e1rsaink r\u00e9szv\u00e9tel\u00e9vel:<\/p>\n\n\n\n<p>1.&nbsp;Microsoft 365<\/p>\n\n\n\n<p>2.&nbsp;Egy\u00fcttm\u0171k\u00f6d\u00e9s<\/p>\n\n\n\n<p>3.&nbsp;Id\u0151gazd\u00e1lkod\u00e1s digit\u00e1lis eszk\u00f6z\u00f6kkel<\/p>\n\n\n\n<p>4. AI k\u00e9pz\u00e9s<\/p>\n\n\n\n<p><strong>A k\u00e9pz\u00e9sek elnevez\u00e9se \u00e9s c\u00e9lja, illetve a k\u00e9pz\u00e9sek r\u00e9szletes bemutat\u00e1sa<\/strong><\/p>\n\n\n\n<p><strong>A k\u00e9pz\u00e9s elnevez\u00e9se: Microsoft 365<\/strong><\/p>\n\n\n\n<p><strong>A k\u00e9pz\u00e9s c\u00e9lja (Microsoft 365):<\/strong>&nbsp;A k\u00e9pz\u00e9s c\u00e9lja, hogy a r\u00e9sztvev\u0151k \u00e1tfog\u00f3, gyakorlati tud\u00e1st szerezzenek a Microsoft 365 irodai alkalmaz\u00e1sok hat\u00e9kony haszn\u00e1lat\u00e1r\u00f3l, k\u00fcl\u00f6n\u00f6s tekintettel az e-mail-kezel\u00e9sre, felh\u0151alap\u00fa egy\u00fcttm\u0171k\u00f6d\u00e9sre, f\u00e1jlmegoszt\u00e1sra, online \u00e9rtekezletek lebonyol\u00edt\u00e1s\u00e1ra \u00e9s \u0171rlapk\u00e9sz\u00edt\u00e9sre. A tanfolyam c\u00e9lja tov\u00e1bb\u00e1, hogy a munkafolyamatokat gyorsabb\u00e1, \u00e1tl\u00e1that\u00f3bb\u00e1 \u00e9s biztons\u00e1gosabb\u00e1 tegye a digit\u00e1lis eszk\u00f6z\u00f6k tudatos alkalmaz\u00e1s\u00e1n kereszt\u00fcl.<\/p>\n\n\n\n<p><strong>A k\u00e9pz\u00e9s r\u00e9szletes bemutat\u00e1sa (Microsoft 365):<\/strong>&nbsp;A k\u00e9pz\u00e9sben r\u00e9sztvev\u0151 megismeri a Microsoft 365 programok fel\u00fclet\u00e9t, kezel\u00e9s\u00e9t, k\u00e9pes lesz a felh\u0151alap\u00fa dokumentumkezel\u00e9sre, a digit\u00e1lis csapatmunk\u00e1ra \u00e9s kommunik\u00e1ci\u00f3ra, magabiztosan szervezi a teend\u0151ket, illetve adatgy\u0171jt\u00e9si \u00e9s \u0171rlapk\u00e9sz\u00edt\u00e9si feladatokat is el tud l\u00e1tni. Tartalmi elemek:<\/p>\n\n\n\n<ul class=\"wp-block-list\">\n<li>Outlook alapok<\/li>\n\n\n\n<li>Microsoft 365 felh\u0151<\/li>\n\n\n\n<li>SharePoint, OneDrive<\/li>\n\n\n\n<li>Microsoft Teams<\/li>\n\n\n\n<li>Bookings<\/li>\n\n\n\n<li>Forms<\/li>\n<\/ul>\n\n\n\n<p><a><\/a><a><strong>A k\u00e9pz\u00e9s elnevez\u00e9se:&nbsp;<\/strong><\/a><a><strong>Egy\u00fcttm\u0171k\u00f6d\u00e9s<\/strong><\/a><strong><\/strong><\/p>\n\n\n\n<p><strong>A k\u00e9pz\u00e9s c\u00e9lja&nbsp;<\/strong>(Egy\u00fcttm\u0171k\u00f6d\u00e9s):<strong>&nbsp;<\/strong>A k\u00e9pz\u00e9s c\u00e9lja, hogy a r\u00e9sztvev\u0151k egym\u00e1ssal, vezet\u0151j\u00fckkel \u00e9s m\u00e1s ter\u00fcleten dolgoz\u00f3kkal a munkav\u00e9gz\u00e9s sor\u00e1n hat\u00e9konyan tudjanak egy\u00fctt dolgozni<\/p>\n\n\n\n<p><strong>A k\u00e9pz\u00e9s r\u00e9szletes bemutat\u00e1sa&nbsp;<\/strong>(Egy\u00fcttm\u0171k\u00f6d\u00e9s):<strong>&nbsp;<\/strong>A k\u00e9pz\u00e9sben r\u00e9sztvev\u0151 megismeri az egy\u00fcttm\u0171k\u00f6d\u00e9s elm\u00e9leti h\u00e1tter\u00e9t, illetve az egy\u00fcttm\u0171k\u00f6d\u00e9st t\u00e1mogat\u00f3 technik\u00e1kat \u00e9s k\u00e9pess\u00e9 v\u00e1lik azok alkalmaz\u00e1s\u00e1ra. A k\u00e9pz\u00e9s bemutatja az egy\u00fcttm\u0171k\u00f6d\u00e9si strat\u00e9gi\u00e1kat az egy\u00e9ni \u00e9s csoportos \u00e9rdekek ment\u00e9n, foglalkozik az egy\u00e9n- \u00e9s csoportnyom\u00e1s szerep\u00e9vel \u00e9s hat\u00e1s\u00e1val, a csoportszerepekkel, a csoportok m\u0171k\u00f6d\u00e9si folyamataival \u00e9s annak befoly\u00e1sol\u00e1s\u00e1val. A r\u00e9sztvev\u0151k k\u00e9pess\u00e9 v\u00e1lnak a csoport ir\u00e1ny\u00edt\u00e1s\u00e1ra \u00e9s motiv\u00e1l\u00e1s\u00e1ra. Tov\u00e1bbi tartalmi elemek:<\/p>\n\n\n\n<ul class=\"wp-block-list\">\n<li>Az elv\u00e1rhat\u00f3 \u00e9s a nem elv\u00e1rhat\u00f3 viselked\u00e9si form\u00e1k azonos\u00edt\u00e1sa<\/li>\n\n\n\n<li>K\u00f6z\u00f6s c\u00e9l szerepe<\/li>\n\n\n\n<li>Egy\u00fcttm\u0171k\u00f6d\u00e9st g\u00e1tl\u00f3 t\u00e9nyez\u0151k<\/li>\n\n\n\n<li>Verseng\u00e9s \u2013 egy\u00fcttm\u0171k\u00f6d\u00e9s hat\u00e1sa az eredm\u00e9nyess\u00e9gre<\/li>\n\n\n\n<li>Tudatos csoport alak\u00edt\u00e1s m\u00f3dszerei<\/li>\n\n\n\n<li>Az egy\u00fcttm\u0171k\u00f6d\u00e9st n\u00f6vel\u0151 m\u00f3dszerek alkalmaz\u00e1sa<\/li>\n<\/ul>\n\n\n\n<p><strong>A k\u00e9pz\u00e9s elnevez\u00e9se: Id\u0151gazd\u00e1lkod\u00e1s digit\u00e1lis eszk\u00f6z\u00f6kkel<\/strong><\/p>\n\n\n\n<p><strong>A k\u00e9pz\u00e9s c\u00e9lja&nbsp;<\/strong>(Id\u0151gazd\u00e1lkod\u00e1s digit\u00e1lis eszk\u00f6z\u00f6kkel):<strong>&nbsp;<\/strong>A k\u00e9pz\u00e9s c\u00e9lja, hogy a r\u00e9sztvev\u0151k elsaj\u00e1t\u00edts\u00e1k a korszer\u0171 digit\u00e1lis eszk\u00f6z\u00f6k \u00e9s alkalmaz\u00e1sok haszn\u00e1lat\u00e1t az id\u0151gazd\u00e1lkod\u00e1s, feladatkezel\u00e9s \u00e9s hat\u00e9kony munkaszervez\u00e9s t\u00e1mogat\u00e1s\u00e1ra. A k\u00e9pz\u00e9s f\u00f3kusz\u00e1ban a gyakorlati, IT-alap\u00fa megold\u00e1sok \u00e1llnak, amelyek seg\u00edts\u00e9g\u00e9vel a r\u00e9sztvev\u0151k \u00f6n\u00e1ll\u00f3an k\u00e9pesek lesznek munkafolyamataikat tervezni, szervezni \u00e9s nyomon k\u00f6vetni.<\/p>\n\n\n\n<p><strong>A k\u00e9pz\u00e9s r\u00e9szletes bemutat\u00e1sa&nbsp;<\/strong>(Id\u0151gazd\u00e1lkod\u00e1s digit\u00e1lis eszk\u00f6z\u00f6kkel):<strong>&nbsp;<\/strong>A k\u00e9pz\u00e9sben r\u00e9sztvev\u0151 megismeri a hat\u00e9kony id\u0151gazd\u00e1lkod\u00e1s alapjait, k\u00e9pes digit\u00e1lis napt\u00e1ralkalmaz\u00e1sokkal hat\u00e9konyan tervezni \u00e9s \u00fctemezni napi, heti \u00e9s hosszabb t\u00e1v\u00fa feladatait \u00e9s k\u00e9pess\u00e9 v\u00e1lik digit\u00e1lis eszk\u00f6z\u00f6kkel t\u00e1mogatott munkarutin kialak\u00edt\u00e1s\u00e1ra a hat\u00e9kony id\u0151kihaszn\u00e1l\u00e1s \u00e9s a munkaterhel\u00e9s egyens\u00faly\u00e1nak \u00e9rdek\u00e9ben. Tartalmi elemek:<\/p>\n\n\n\n<ul class=\"wp-block-list\">\n<li>Digit\u00e1lis \u00e9s manu\u00e1lis id\u0151gazd\u00e1lkod\u00e1s<\/li>\n\n\n\n<li>Szem\u00e9lyes id\u0151m\u00e9rleg digit\u00e1lis eszk\u00f6z\u00f6kkel<\/li>\n\n\n\n<li>Digit\u00e1lis napt\u00e1rak \u00e9s \u00fctemez\u0151 rendszerek<\/li>\n\n\n\n<li>Csoportos feladatkezel\u00e9s, teend\u0151k deleg\u00e1l\u00e1sa<\/li>\n\n\n\n<li>Id\u0151blokk-tervez\u00e9s, automatiz\u00e1lt riportok<\/li>\n\n\n\n<li>Digit\u00e1lis f\u00f3kuszm\u00f3dok, zavar\u00e1smentes id\u0151szakok be\u00e1ll\u00edt\u00e1sa<\/li>\n<\/ul>\n\n\n\n<p><strong>A k\u00e9pz\u00e9s elnevez\u00e9se: AI k\u00e9pz\u00e9s<\/strong><\/p>\n\n\n\n<p><strong>A k\u00e9pz\u00e9s c\u00e9lja&nbsp;<\/strong>(AI k\u00e9pz\u00e9s):<strong>&nbsp;<\/strong>A k\u00e9pz\u00e9si program c\u00e9lja, hogy a r\u00e9sztvev\u0151k fejlessz\u00e9k az informatikai kompetenci\u00e1ikat, azon bel\u00fcl is a mesters\u00e9ges intelligencia lehet\u0151s\u00e9geinek ismereteivel b\u0151v\u00fclj\u00f6n tud\u00e1suk.<\/p>\n\n\n\n<p><strong>A k\u00e9pz\u00e9s r\u00e9szletes bemutat\u00e1sa&nbsp;<\/strong>(AI k\u00e9pz\u00e9s):<strong>&nbsp;<\/strong>A k\u00e9pz\u00e9sben r\u00e9sztvev\u0151 megismeri a mesters\u00e9ges intelligencia l\u00e9nyegi c\u00e9lj\u00e1t \u00e9s lehet\u0151s\u00e9geit, illetve k\u00e9pess\u00e9 v\u00e1lik a&nbsp;ChatGPT mindennapos tev\u00e9kenys\u00e9get t\u00e1mogat\u00f3 haszn\u00e1latara. Tartalmi elemek:<\/p>\n\n\n\n<ul class=\"wp-block-list\">\n<li>mesters\u00e9ges intelligencia haszn\u00e1lata<\/li>\n\n\n\n<li>lehet\u0151s\u00e9gei<\/li>\n\n\n\n<li>ChatGPT m\u0171k\u00f6d\u00e9se<\/li>\n\n\n\n<li>haszn\u00e1lata<\/li>\n<\/ul>\n\n\n\n<p><strong>A k\u00e9pz\u00e9sek tervezett befejez\u00e9si d\u00e1tuma: 2026.04.30.<\/strong><\/p>\n","protected":false},"excerpt":{"rendered":"<p>GINOP Plusz-3.2.1-21 \u201eA munkav\u00e1llal\u00f3k \u00e9s v\u00e1llalatok alkalmazkod\u00f3k\u00e9pess\u00e9g\u00e9nek \u00e9s termel\u00e9kenys\u00e9g\u00e9nek jav\u00edt\u00e1sa a munkaer\u0151 fejleszt\u00e9s\u00e9n kereszt\u00fcl\u201d A kedvezm\u00e9nyezett neve: &#8222;ESI-ZOLI&#8221; Kereskedelmi Kft. A szerz\u0151d\u00f6tt t\u00e1mogat\u00e1s \u00f6sszege: 9&nbsp;150&nbsp;000 Ft P\u00e1ly\u00e1zatunk megval\u00f3s\u00edt\u00e1sa sor\u00e1n n\u00e9gy k\u00e9pz\u00e9s val\u00f3sul meg munkat\u00e1rsaink r\u00e9szv\u00e9tel\u00e9vel: 1.&nbsp;Microsoft 365 2.&nbsp;Egy\u00fcttm\u0171k\u00f6d\u00e9s 3.&nbsp;Id\u0151gazd\u00e1lkod\u00e1s digit\u00e1lis eszk\u00f6z\u00f6kkel 4. AI k\u00e9pz\u00e9s A k\u00e9pz\u00e9sek elnevez\u00e9se \u00e9s c\u00e9lja, illetve a k\u00e9pz\u00e9sek r\u00e9szletes bemutat\u00e1sa A &#8230; <a title=\"GINOP Plusz-3.2.1-21\u00a0A munkav\u00e1llal\u00f3k \u00e9s v\u00e1llalatok alkalmazkod\u00f3k\u00e9pess\u00e9g\u00e9nek \u00e9s termel\u00e9kenys\u00e9g\u00e9nek jav\u00edt\u00e1sa a munkaer\u0151 fejleszt\u00e9s\u00e9n kereszt\u00fcl\u201d\" class=\"read-more\" href=\"https:\/\/esi-zoli.hu\/index.php\/ginop-plusz-3-2-1-21\/\" aria-label=\"Read more about GINOP Plusz-3.2.1-21\u00a0A munkav\u00e1llal\u00f3k \u00e9s v\u00e1llalatok alkalmazkod\u00f3k\u00e9pess\u00e9g\u00e9nek \u00e9s termel\u00e9kenys\u00e9g\u00e9nek jav\u00edt\u00e1sa a munkaer\u0151 fejleszt\u00e9s\u00e9n kereszt\u00fcl\u201d\">Olvass tov\u00e1bb<\/a><\/p>\n","protected":false},"author":1,"featured_media":0,"parent":0,"menu_order":0,"comment_status":"closed","ping_status":"closed","template":"","meta":{"footnotes":""},"class_list":["post-51","page","type-page","status-publish"],"_links":{"self":[{"href":"https:\/\/esi-zoli.hu\/index.php\/wp-json\/wp\/v2\/pages\/51","targetHints":{"allow":["GET"]}}],"collection":[{"href":"https:\/\/esi-zoli.hu\/index.php\/wp-json\/wp\/v2\/pages"}],"about":[{"href":"https:\/\/esi-zoli.hu\/index.php\/wp-json\/wp\/v2\/types\/page"}],"author":[{"embeddable":true,"href":"https:\/\/esi-zoli.hu\/index.php\/wp-json\/wp\/v2\/users\/1"}],"replies":[{"embeddable":true,"href":"https:\/\/esi-zoli.hu\/index.php\/wp-json\/wp\/v2\/comments?post=51"}],"version-history":[{"count":2,"href":"https:\/\/esi-zoli.hu\/index.php\/wp-json\/wp\/v2\/pages\/51\/revisions"}],"predecessor-version":[{"id":54,"href":"https:\/\/esi-zoli.hu\/index.php\/wp-json\/wp\/v2\/pages\/51\/revisions\/54"}],"wp:attachment":[{"href":"https:\/\/esi-zoli.hu\/index.php\/wp-json\/wp\/v2\/media?parent=51"}],"curies":[{"name":"wp","href":"https:\/\/api.w.org\/{rel}","templated":true}]}}